{"id":3178,"date":"2018-03-13T23:32:28","date_gmt":"2018-03-13T23:32:28","guid":{"rendered":"https:\/\/trinitystrasbourg.org?page_id=3178"},"modified":"2023-05-02T20:55:54","modified_gmt":"2023-05-02T20:55:54","slug":"messages","status":"publish","type":"page","link":"https:\/\/trinitystrasbourg.org\/fr\/messages","title":{"rendered":"Messages"},"content":{"rendered":"<p><div class=\"fusion-fullwidth fullwidth-box fusion-builder-row-1 nonhundred-percent-fullwidth non-hundred-percent-height-scrolling fusion-equal-height-columns\" style=\"--awb-background-position:left top;--awb-border-sizes-top:0px;--awb-border-sizes-bottom:0px;--awb-border-sizes-left:0px;--awb-border-sizes-right:0px;--awb-border-radius-top-left:0px;--awb-border-radius-top-right:0px;--awb-border-radius-bottom-right:0px;--awb-border-radius-bottom-left:0px;--awb-padding-top:100px;--awb-padding-right:4%;--awb-padding-bottom:90px;--awb-padding-left:4%;--awb-flex-wrap:wrap;\" ><div class=\"fusion-builder-row fusion-row\"><div class=\"fusion-layout-column fusion_builder_column fusion-builder-column-0 fusion_builder_column_1_2 1_2 fusion-one-half fusion-column-first fusion-column-no-min-height\" style=\"--awb-padding-top:10px;--awb-padding-right:30px;--awb-padding-bottom:10px;--awb-padding-left:30px;--awb-bg-size:cover;width:48%; margin-right: 4%;\"><div class=\"fusion-column-wrapper fusion-column-has-shadow fusion-flex-column-wrapper-legacy\"><div class=\"fusion-column-content-centered\"><div class=\"fusion-column-content\"><div class=\"fusion-sep-clear\"><\/div><div class=\"fusion-separator fusion-full-width-sep\" style=\"margin-left: auto;margin-right: auto;margin-top:10px;margin-bottom:10px;width:100%;\"><div class=\"fusion-separator-border sep-single sep-solid\" style=\"--awb-height:20px;--awb-amount:20px;border-color:#e0dede;border-top-width:1px;\"><\/div><\/div><div class=\"fusion-sep-clear\"><\/div><iframe width=\"560\" height=\"315\" src=\"https:\/\/www.youtube-nocookie.com\/embed\/playlist?list=PLU9wqgg8yNVmb3Y4jvmqr03MCapb47gMD\" frameborder=\"0\" allow=\"accelerometer; autoplay; encrypted-media; gyroscope; picture-in-picture\" allowfullscreen><\/iframe><div class=\"fusion-sep-clear\"><\/div><div class=\"fusion-separator fusion-full-width-sep\" style=\"margin-left: auto;margin-right: auto;margin-top:2px;margin-bottom:2px;width:100%;\"><\/div><div class=\"fusion-sep-clear\"><\/div><div class=\"fusion-sep-clear\"><\/div><div class=\"fusion-separator fusion-full-width-sep\" style=\"margin-left: auto;margin-right: auto;width:100%;\"><div class=\"fusion-separator-border sep-double\" style=\"--awb-height:20px;--awb-amount:20px;border-color:#e0dede;border-top-width:1px;border-bottom-width:1px;\"><\/div><\/div><div class=\"fusion-sep-clear\"><\/div><\/div><\/div><div class=\"fusion-clearfix\"><\/div><\/div><\/div><div class=\"fusion-layout-column fusion_builder_column fusion-builder-column-1 fusion_builder_column_1_2 1_2 fusion-one-half fusion-column-last fusion-column-no-min-height\" style=\"--awb-bg-size:cover;width:48%;\"><div class=\"fusion-column-wrapper fusion-flex-column-wrapper-legacy\"><div class=\"fusion-text fusion-text-1\"><h2 style=\"text-align: center;\">Regardez notre plus<br \/>\nr\u00e9cent\u00a0culte en ligne<\/h2>\n<\/div><div class=\"fusion-sep-clear\"><\/div><div class=\"fusion-separator fusion-full-width-sep\" style=\"margin-left: auto;margin-right: auto;margin-top:10px;margin-bottom:10px;width:100%;\"><\/div><div class=\"fusion-sep-clear\"><\/div><div class=\"fusion-aligncenter\"><a class=\"fusion-button button-flat fusion-button-default-size button-default fusion-button-default button-1 fusion-button-span-no fusion-button-default-type\" target=\"_self\" href=\"https:\/\/trinitystrasbourg.org\/fr\/portfolio-items\/sermons-de-charles-hughes\"><span class=\"fusion-button-text\">Sermons de Charles Hughes<\/span><\/a><\/div><div class=\"fusion-clearfix\"><\/div><\/div><\/div><\/div><\/div><div class=\"fusion-fullwidth fullwidth-box fusion-builder-row-2 nonhundred-percent-fullwidth non-hundred-percent-height-scrolling\" style=\"--awb-background-position:left top;--awb-border-sizes-top:0px;--awb-border-sizes-bottom:0px;--awb-border-sizes-left:0px;--awb-border-sizes-right:0px;--awb-border-radius-top-left:0px;--awb-border-radius-top-right:0px;--awb-border-radius-bottom-right:0px;--awb-border-radius-bottom-left:0px;--awb-padding-top:90px;--awb-padding-right:8%;--awb-padding-bottom:115px;--awb-padding-left:8%;--awb-background-color:#ececec;--awb-flex-wrap:wrap;\" ><div class=\"fusion-builder-row fusion-row\"><div class=\"fusion-layout-column fusion_builder_column fusion-builder-column-2 fusion_builder_column_1_1 1_1 fusion-one-full fusion-column-first fusion-column-last fusion-column-no-min-height\" style=\"--awb-bg-size:cover;\"><div class=\"fusion-column-wrapper fusion-flex-column-wrapper-legacy\"><div class=\"fusion-text fusion-text-2\"><h2 style=\"text-align: center;\">S\u00c9RIES DE MESSAGES DE TICOS<\/h2>\n<p>Vous avez manqu\u00e9 un message? Voulez-vous l&#8217;entendre \u00e0 nouveau? Retrouvez ici nos podcasts hebdomadaires de Trinity International Church de Strasbourg, class\u00e9s par s\u00e9ries.<\/p>\n<\/div><div class=\"fusion-sep-clear\"><\/div><div class=\"fusion-separator fusion-full-width-sep\" style=\"margin-left: auto;margin-right: auto;margin-top:5px;margin-bottom:5px;width:100%;\"><\/div><div class=\"fusion-sep-clear\"><\/div><div class=\"fusion-clearfix\"><\/div><\/div><\/div><div class=\"fusion-layout-column fusion_builder_column fusion-builder-column-3 fusion_builder_column_1_1 1_1 fusion-one-full fusion-column-first fusion-column-last\" style=\"--awb-bg-size:cover;\"><div class=\"fusion-column-wrapper fusion-flex-column-wrapper-legacy\">[fusion_portfolio layout=&#8221;grid&#8221; picture_size=&#8221;fixed&#8221; text_layout=&#8221;boxed&#8221; grid_box_color=&#8221;&#8221; grid_element_color=&#8221;&#8221; grid_separator_style_type=&#8221;&#8221; grid_separator_color=&#8221;&#8221; columns=&#8221;4&#8243; column_spacing=&#8221;15&#8243; portfolio_masonry_grid_ratio=&#8221;&#8221; portfolio_masonry_width_double=&#8221;&#8221; one_column_text_position=&#8221;below&#8221; equal_heights=&#8221;yes&#8221; number_posts=&#8221;12&#8243; portfolio_title_display=&#8221;title&#8221; portfolio_text_alignment=&#8221;default&#8221; padding_top=&#8221;&#8221; padding_right=&#8221;&#8221; padding_bottom=&#8221;&#8221; padding_left=&#8221;&#8221; filters=&#8221;no&#8221; pull_by=&#8221;category&#8221; cat_slug=&#8221;&#8221; exclude_cats=&#8221;&#8221; tag_slug=&#8221;&#8221; exclude_tags=&#8221;&#8221; pagination_type=&#8221;pagination&#8221; hide_url_params=&#8221;off&#8221; offset=&#8221;0&#8243; orderby=&#8221;date&#8221; order=&#8221;DESC&#8221; content_length=&#8221;excerpt&#8221; excerpt_length=&#8221;15&#8243; strip_html=&#8221;yes&#8221; carousel_layout=&#8221;title_on_rollover&#8221; scroll_items=&#8221;&#8221; autoplay=&#8221;no&#8221; show_nav=&#8221;yes&#8221; mouse_scroll=&#8221;no&#8221; hide_on_mobile=&#8221;small-visibility,medium-visibility,large-visibility&#8221; class=&#8221;&#8221; id=&#8221;&#8221; animation_type=&#8221;&#8221; animation_direction=&#8221;down&#8221; animation_speed=&#8221;0.1&#8243; animation_offset=&#8221;&#8221; \/]<div class=\"fusion-clearfix\"><\/div><\/div><\/div><\/div><\/div><\/p>\n","protected":false},"excerpt":{"rendered":"","protected":false},"author":10,"featured_media":0,"parent":0,"menu_order":8,"comment_status":"closed","ping_status":"open","template":"100-width.php","meta":{"footnotes":""},"class_list":["post-3178","page","type-page","status-publish","hentry"],"_links":{"self":[{"href":"https:\/\/trinitystrasbourg.org\/fr\/wp-json\/wp\/v2\/pages\/3178"}],"collection":[{"href":"https:\/\/trinitystrasbourg.org\/fr\/wp-json\/wp\/v2\/pages"}],"about":[{"href":"https:\/\/trinitystrasbourg.org\/fr\/wp-json\/wp\/v2\/types\/page"}],"author":[{"embeddable":true,"href":"https:\/\/trinitystrasbourg.org\/fr\/wp-json\/wp\/v2\/users\/10"}],"replies":[{"embeddable":true,"href":"https:\/\/trinitystrasbourg.org\/fr\/wp-json\/wp\/v2\/comments?post=3178"}],"version-history":[{"count":206,"href":"https:\/\/trinitystrasbourg.org\/fr\/wp-json\/wp\/v2\/pages\/3178\/revisions"}],"predecessor-version":[{"id":7896,"href":"https:\/\/trinitystrasbourg.org\/fr\/wp-json\/wp\/v2\/pages\/3178\/revisions\/7896"}],"wp:attachment":[{"href":"https:\/\/trinitystrasbourg.org\/fr\/wp-json\/wp\/v2\/media?parent=3178"}],"curies":[{"name":"wp","href":"https:\/\/api.w.org\/{rel}","templated":true}]}}