{"id":3170,"date":"2018-03-13T22:07:45","date_gmt":"2018-03-13T22:07:45","guid":{"rendered":"https:\/\/trinitystrasbourg.org?page_id=3170"},"modified":"2018-03-13T23:29:23","modified_gmt":"2018-03-13T23:29:23","slug":"vie-deglise","status":"publish","type":"page","link":"https:\/\/trinitystrasbourg.org\/fr\/vie-deglise","title":{"rendered":"Vie d&#8217;\u00c9glise"},"content":{"rendered":"<p><div class=\"fusion-fullwidth fullwidth-box fusion-builder-row-1 nonhundred-percent-fullwidth non-hundred-percent-height-scrolling\" style=\"--awb-background-position:left top;--awb-border-radius-top-left:0px;--awb-border-radius-top-right:0px;--awb-border-radius-bottom-right:0px;--awb-border-radius-bottom-left:0px;--awb-padding-top:90px;--awb-padding-right:15%;--awb-padding-bottom:90px;--awb-padding-left:15%;--awb-border-sizes-top:0px;--awb-border-sizes-bottom:0px;--awb-flex-wrap:wrap;\" ><div class=\"fusion-builder-row fusion-row\"><div class=\"fusion-layout-column fusion_builder_column fusion-builder-column-0 fusion_builder_column_1_1 1_1 fusion-one-full fusion-column-first fusion-column-last fusion-column-no-min-height\" style=\"--awb-padding-top:30px;--awb-padding-bottom:20px;--awb-bg-color:#8bc3c0;--awb-bg-color-hover:#8bc3c0;--awb-bg-size:cover;\"><div class=\"fusion-column-wrapper fusion-flex-column-wrapper-legacy\"><div class=\"fusion-text fusion-text-1\"><h2 style=\"text-align: center;\"><span style=\"color: #ffffff;\">\u00catre de bons et fid\u00e8les serviteurs<\/span><\/h2>\n<\/div><div class=\"fusion-text fusion-text-2\"><p style=\"text-align: center;\">\u00a0<span style=\"font-size: 14pt;\"><span class=\"verse v4\"><span class=\"content \">Il y a diversit\u00e9 de dons, mais le m\u00eame Esprit;<br \/>\n<\/span><\/span><span class=\"verse v5\"><span class=\"content \">diversit\u00e9 de services, mais le m\u00eame Seigneur;<br \/>\n<\/span><\/span><span class=\"verse v6\"><span class=\"content \">diversit\u00e9 d&#8217;actes, mais le m\u00eame Dieu qui accomplit tout en tous.<\/span><\/span><br \/>\n<\/span><strong><span style=\"font-size: 14pt;\">I Cor. 12:4-6 (Segond 21)<\/span><\/strong><\/p>\n<\/div><div class=\"fusion-clearfix\"><\/div><\/div><\/div><\/div><\/div><div class=\"fusion-fullwidth fullwidth-box fusion-builder-row-2 nonhundred-percent-fullwidth non-hundred-percent-height-scrolling\" style=\"--awb-background-position:left top;--awb-border-radius-top-left:0px;--awb-border-radius-top-right:0px;--awb-border-radius-bottom-right:0px;--awb-border-radius-bottom-left:0px;--awb-padding-top:40px;--awb-padding-right:10%;--awb-padding-bottom:30px;--awb-padding-left:10%;--awb-border-sizes-top:0px;--awb-border-sizes-bottom:0px;--awb-flex-wrap:wrap;\" ><div class=\"fusion-builder-row fusion-row\"><div class=\"fusion-layout-column fusion_builder_column fusion-builder-column-1 fusion_builder_column_1_1 1_1 fusion-one-full fusion-column-first fusion-column-last\" style=\"--awb-bg-size:cover;\"><div class=\"fusion-column-wrapper fusion-flex-column-wrapper-legacy\"><div class=\"fusion-column-content-centered\"><div class=\"fusion-column-content\"><div class=\"fusion-text fusion-text-3\"><h2 style=\"text-align: center;\">Nos minist\u00e8res<\/h2>\n<\/div><div class=\"fusion-text fusion-text-4\"><p style=\"text-align: center; font-size: 24px; font-weight: 300;\">Servir Dieu. Servir les uns les autres.<\/p>\n<\/div><div class=\"fusion-sep-clear\"><\/div><div class=\"fusion-separator fusion-full-width-sep\" style=\"margin-left: auto;margin-right: auto;margin-top:20px;width:100%;\"><\/div><div class=\"fusion-sep-clear\"><\/div><\/div><\/div><div class=\"fusion-clearfix\"><\/div><\/div><\/div><div class=\"fusion-layout-column fusion_builder_column fusion-builder-column-2 fusion_builder_column_1_1 1_1 fusion-one-full fusion-column-first fusion-column-last\" style=\"--awb-bg-size:cover;--awb-margin-top:20px;\"><div class=\"fusion-column-wrapper fusion-flex-column-wrapper-legacy\"><div class=\"fusion-column-content-centered\"><div class=\"fusion-column-content\">[fusion_portfolio layout=&#8221;grid&#8221; picture_size=&#8221;auto&#8221; text_layout=&#8221;no_text&#8221; grid_box_color=&#8221;&#8221; grid_element_color=&#8221;&#8221; grid_separator_style_type=&#8221;&#8221; grid_separator_color=&#8221;&#8221; columns=&#8221;3&#8243; one_column_text_position=&#8221;below&#8221; column_spacing=&#8221;5&#8243; equal_heights=&#8221;no&#8221; number_posts=&#8221;9&#8243; portfolio_title_display=&#8221;title&#8221; portfolio_text_alignment=&#8221;default&#8221; padding_top=&#8221;&#8221; padding_right=&#8221;&#8221; padding_bottom=&#8221;&#8221; padding_left=&#8221;&#8221; filters=&#8221;no&#8221; pull_by=&#8221;category&#8221; cat_slug=&#8221;ministries-fr&#8221; exclude_cats=&#8221;&#8221; tag_slug=&#8221;&#8221; exclude_tags=&#8221;&#8221; pagination_type=&#8221;pagination&#8221; hide_url_params=&#8221;off&#8221; offset=&#8221;&#8221; orderby=&#8221;date&#8221; order=&#8221;DESC&#8221; content_length=&#8221;excerpt&#8221; excerpt_length=&#8221;1&#8243; strip_html=&#8221;yes&#8221; carousel_layout=&#8221;title_on_rollover&#8221; scroll_items=&#8221;&#8221; autoplay=&#8221;no&#8221; show_nav=&#8221;yes&#8221; mouse_scroll=&#8221;no&#8221; hide_on_mobile=&#8221;small-visibility,medium-visibility,large-visibility&#8221; class=&#8221;&#8221; id=&#8221;&#8221; animation_type=&#8221;&#8221; animation_direction=&#8221;down&#8221; animation_speed=&#8221;0.1&#8243; animation_offset=&#8221;&#8221; \/]<\/div><\/div><div class=\"fusion-clearfix\"><\/div><\/div><\/div><\/div><\/div><div class=\"fusion-fullwidth fullwidth-box fusion-builder-row-3 hundred-percent-fullwidth non-hundred-percent-height-scrolling\" style=\"--awb-background-position:left top;--awb-border-radius-top-left:0px;--awb-border-radius-top-right:0px;--awb-border-radius-bottom-right:0px;--awb-border-radius-bottom-left:0px;--awb-padding-right:0px;--awb-padding-left:0px;--awb-background-color:#ececec;--awb-border-sizes-top:0px;--awb-border-sizes-bottom:0px;--awb-flex-wrap:wrap;\" ><div class=\"fusion-builder-row fusion-row\"><div class=\"fusion-layout-column fusion_builder_column fusion-builder-column-3 fusion_builder_column_1_1 1_1 fusion-one-full fusion-column-first fusion-column-last fusion-column-no-min-height\" style=\"--awb-bg-color:#ffffff;--awb-bg-color-hover:#ffffff;--awb-bg-size:cover;\"><div class=\"fusion-column-wrapper fusion-flex-column-wrapper-legacy\"><div class=\"fusion-aligncenter\"><a class=\"fusion-button button-flat button-xlarge button-default fusion-button-default button-1 fusion-button-span-no fusion-button-default-type\" style=\"--button-border-radius-top-left:0px;--button-border-radius-top-right:0px;--button-border-radius-bottom-right:0px;--button-border-radius-bottom-left:0px;\" target=\"_self\" href=\"https:\/\/trinitystrasbourg.org\/events\"><i class=\" fa fa-calendar button-icon-left\" aria-hidden=\"true\"><\/i><span class=\"fusion-button-text\">Voir les \u00e9v\u00e8nements \u00e0 venir<\/span><\/a><\/div><div class=\"fusion-sep-clear\"><\/div><div class=\"fusion-separator fusion-full-width-sep\" style=\"margin-left: auto;margin-right: auto;margin-top:20px;margin-bottom:20px;width:100%;\"><div class=\"fusion-separator-border sep-single sep-solid\" style=\"--awb-height:20px;--awb-amount:20px;--awb-sep-color:#ffffff;border-color:#ffffff;border-top-width:4px;\"><\/div><\/div><div class=\"fusion-sep-clear\"><\/div><div class=\"fusion-clearfix\"><\/div><\/div><\/div><\/div><\/div><\/p>\n","protected":false},"excerpt":{"rendered":"","protected":false},"author":10,"featured_media":0,"parent":0,"menu_order":0,"comment_status":"closed","ping_status":"open","template":"100-width.php","meta":{"footnotes":""},"class_list":["post-3170","page","type-page","status-publish","hentry"],"_links":{"self":[{"href":"https:\/\/trinitystrasbourg.org\/fr\/wp-json\/wp\/v2\/pages\/3170"}],"collection":[{"href":"https:\/\/trinitystrasbourg.org\/fr\/wp-json\/wp\/v2\/pages"}],"about":[{"href":"https:\/\/trinitystrasbourg.org\/fr\/wp-json\/wp\/v2\/types\/page"}],"author":[{"embeddable":true,"href":"https:\/\/trinitystrasbourg.org\/fr\/wp-json\/wp\/v2\/users\/10"}],"replies":[{"embeddable":true,"href":"https:\/\/trinitystrasbourg.org\/fr\/wp-json\/wp\/v2\/comments?post=3170"}],"version-history":[{"count":13,"href":"https:\/\/trinitystrasbourg.org\/fr\/wp-json\/wp\/v2\/pages\/3170\/revisions"}],"predecessor-version":[{"id":3519,"href":"https:\/\/trinitystrasbourg.org\/fr\/wp-json\/wp\/v2\/pages\/3170\/revisions\/3519"}],"wp:attachment":[{"href":"https:\/\/trinitystrasbourg.org\/fr\/wp-json\/wp\/v2\/media?parent=3170"}],"curies":[{"name":"wp","href":"https:\/\/api.w.org\/{rel}","templated":true}]}}